{"id":2381,"date":"2026-03-27T15:29:27","date_gmt":"2026-03-27T14:29:27","guid":{"rendered":"https:\/\/asmaclarity.com\/?page_id=2381"},"modified":"2026-04-01T14:51:22","modified_gmt":"2026-04-01T12:51:22","slug":"mentions-legales","status":"publish","type":"page","link":"https:\/\/asmaclarity.com\/ar\/mentions-legales\/","title":{"rendered":"Mentions L\u00e9gales"},"content":{"rendered":"\n<p>Conform\u00e9ment aux dispositions des articles 6-III et 19 de la Loi n\u00b0 2004-575 du 21 juin 2004 pour la Confiance dans l&rsquo;\u00e9conomie num\u00e9rique, dite L.C.E.N., nous portons \u00e0 la connaissance des utilisateurs et visiteurs du site internet <strong>asmaclarity.com<\/strong> les informations suivantes :<\/p>\n\n\n\n<h2 class=\"wp-block-heading\">1. Informations l\u00e9gales<\/h2>\n\n\n\n<p>Le site <strong>asmaclarity.com<\/strong> est \u00e9dit\u00e9 par :<\/p>\n\n\n\n<ul class=\"wp-block-list\">\n<li><strong>Nom de l&rsquo;entreprise \/ Raison sociale :<\/strong> Asma BENKABLIA (Nom commercial : CLARITY)<\/li>\n\n\n\n<li><strong>Forme juridique :<\/strong> Entrepreneur individuel<\/li>\n\n\n\n<li><strong>Num\u00e9ro SIREN :<\/strong> 883 045 205<\/li>\n\n\n\n<li><strong>Num\u00e9ro SIRET :<\/strong> 88304520500035<\/li>\n\n\n\n<li><strong>Num\u00e9ro de TVA intracommunautaire :<\/strong> TVA non applicable, article 293 B du Code G\u00e9n\u00e9ral des Imp\u00f4ts<\/li>\n\n\n\n<li><strong>Adresse du si\u00e8ge social :<\/strong> 8 A RUE Aristide BOUCICAUT, 51430 Tinqueux, FRANCE<\/li>\n\n\n\n<li><strong>Email de contact :<\/strong> contact@asmaclarity.com<\/li>\n\n\n\n<li><strong>Num\u00e9ro de t\u00e9l\u00e9phone :<\/strong> +33 6 11 75 23 80<\/li>\n<\/ul>\n\n\n\n<h2 class=\"wp-block-heading\">2. Directeur de la publication<\/h2>\n\n\n\n<ul class=\"wp-block-list\">\n<li><strong>Directeur de la publication :<\/strong> Asma BENKABLIA<\/li>\n\n\n\n<li><strong>Contact :<\/strong> contact@asmaclarity.com<\/li>\n<\/ul>\n\n\n\n<h2 class=\"wp-block-heading\">3. H\u00e9bergement du site<\/h2>\n\n\n\n<p>Le site <strong>asmaclarity.com<\/strong> est h\u00e9berg\u00e9 par :<\/p>\n\n\n\n<ul class=\"wp-block-list\">\n<li><strong>Nom de l&rsquo;h\u00e9bergeur :<\/strong> HOSTINGER<\/li>\n\n\n\n<li><strong>Raison sociale de l&rsquo;h\u00e9bergeur :<\/strong> HOSTINGER INTERNATIONAL LTD<\/li>\n\n\n\n<li><strong>Adresse de l&rsquo;h\u00e9bergeur :<\/strong> 61 Lordou Vironos Street, 6023 Larnaca, Chypre<\/li>\n\n\n\n<li><strong>Contact de l&rsquo;h\u00e9bergeur :<\/strong> <a href=\"https:\/\/www.hostinger.fr\/contact\" target=\"_blank\" rel=\"noreferrer noopener\">https:\/\/www.hostinger.fr\/contact<\/a><\/li>\n<\/ul>\n\n\n\n<h2 class=\"wp-block-heading\">4. Propri\u00e9t\u00e9 intellectuelle et contrefa\u00e7ons<\/h2>\n\n\n\n<p>L&rsquo;entreprise est propri\u00e9taire des droits de propri\u00e9t\u00e9 intellectuelle ou d\u00e9tient les droits d\u2019usage sur tous les \u00e9l\u00e9ments accessibles sur le site, notamment les textes, images, graphismes, logo, ic\u00f4nes, sons, logiciels.<\/p>\n\n\n\n<p>Toute reproduction, repr\u00e9sentation, modification, publication, adaptation de tout ou partie des \u00e9l\u00e9ments du site, quel que soit le moyen ou le proc\u00e9d\u00e9 utilis\u00e9, est interdite, sauf autorisation \u00e9crite pr\u00e9alable. Toute exploitation non autoris\u00e9e du site ou de l\u2019un quelconque des \u00e9l\u00e9ments qu\u2019il contient sera consid\u00e9r\u00e9e comme constitutive d\u2019une contrefa\u00e7on et poursuivie conform\u00e9ment aux dispositions des articles L.335-2 et suivants du Code de Propri\u00e9t\u00e9 Intellectuelle.<\/p>\n\n\n\n<h2 class=\"wp-block-heading\">5. Limitations de responsabilit\u00e9<\/h2>\n\n\n\n<p>L&rsquo;\u00e9diteur du site ne pourra \u00eatre tenu responsable des dommages directs et indirects caus\u00e9s au mat\u00e9riel de l\u2019utilisateur, lors de l\u2019acc\u00e8s au site <strong>asmaclarity.com<\/strong>.<\/p>\n\n\n\n<p>L&rsquo;\u00e9diteur d\u00e9cline \u00e9galement toute responsabilit\u00e9 quant \u00e0 l\u2019utilisation qui pourrait \u00eatre faite des informations et contenus pr\u00e9sents sur <strong>asmaclarity.com<\/strong>.<\/p>\n\n\n\n<p>L&rsquo;\u00e9diteur s\u2019engage \u00e0 s\u00e9curiser le site au mieux, cependant sa responsabilit\u00e9 ne pourra \u00eatre mise en cause si des donn\u00e9es ind\u00e9sirables sont import\u00e9es et install\u00e9es sur son site \u00e0 son insu.<\/p>\n\n\n\n<p><\/p>\n\n\n\n<hr class=\"wp-block-separator has-alpha-channel-opacity is-style-default\" style=\"margin-top:0;margin-bottom:0\"\/>\n\n\n\n<p><\/p>\n\n\n\n<h1 class=\"wp-block-heading\">\u0627\u0644\u0625\u0634\u0639\u0627\u0631\u0627\u062a \u0627\u0644\u0642\u0627\u0646\u0648\u0646\u064a\u0629<\/h1>\n\n\n\n<p>\u0648\u0641\u0642\u064b\u0627 \u0644\u0623\u062d\u0643\u0627\u0645 \u0627\u0644\u0645\u0648\u0627\u062f 6-III \u064819 \u0645\u0646 \u0627\u0644\u0642\u0627\u0646\u0648\u0646 \u0631\u0642\u0645 2004-575 \u0627\u0644\u0635\u0627\u062f\u0631 \u0641\u064a 21 \u064a\u0648\u0646\u064a\u0648 2004 \u0628\u0634\u0623\u0646 \u0627\u0644\u062b\u0642\u0629 \u0641\u064a \u0627\u0644\u0627\u0642\u062a\u0635\u0627\u062f \u0627\u0644\u0631\u0642\u0645\u064a (L.C.E.N.)\u060c \u0646\u0633\u062a\u0631\u0639\u064a \u0627\u0646\u062a\u0628\u0627\u0647 \u0645\u0633\u062a\u062e\u062f\u0645\u064a \u0648\u0632\u0648\u0627\u0631 \u0645\u0648\u0642\u0639 <strong>asmaclarity.com<\/strong> \u0625\u0644\u0649 \u0627\u0644\u0645\u0639\u0644\u0648\u0645\u0627\u062a \u0627\u0644\u062a\u0627\u0644\u064a\u0629:<\/p>\n\n\n\n<h2 class=\"wp-block-heading\">1. \u0627\u0644\u0645\u0639\u0644\u0648\u0645\u0627\u062a \u0627\u0644\u0642\u0627\u0646\u0648\u0646\u064a\u0629<\/h2>\n\n\n\n<p>\u064a\u062a\u0645 \u062a\u062d\u0631\u064a\u0631 \u0645\u0648\u0642\u0639 <strong>asmaclarity.com<\/strong> \u0645\u0646 \u0642\u0628\u0644:<\/p>\n\n\n\n<ul class=\"wp-block-list\">\n<li><strong>\u0627\u0633\u0645 \u0627\u0644\u0634\u0631\u0643\u0629 \/ \u0627\u0644\u0627\u0633\u0645 \u0627\u0644\u062a\u062c\u0627\u0631\u064a:<\/strong> Asma BENKABLIA (\u0627\u0644\u0627\u0633\u0645 \u0627\u0644\u062a\u062c\u0627\u0631\u064a: CLARITY)<\/li>\n\n\n\n<li><strong>\u0627\u0644\u0634\u0643\u0644 \u0627\u0644\u0642\u0627\u0646\u0648\u0646\u064a:<\/strong> \u0645\u0642\u0627\u0648\u0644 \u0641\u0631\u062f\u064a (Entrepreneur individuel)<\/li>\n\n\n\n<li><strong>\u0631\u0642\u0645 SIREN:<\/strong> 883 045 205<\/li>\n\n\n\n<li><strong>\u0631\u0642\u0645 SIRET:<\/strong> 88304520500035<\/li>\n\n\n\n<li><strong>\u0636\u0631\u064a\u0628\u0629 \u0627\u0644\u0642\u064a\u0645\u0629 \u0627\u0644\u0645\u0636\u0627\u0641\u0629:<\/strong> \u0636\u0631\u064a\u0628\u0629 \u0627\u0644\u0642\u064a\u0645\u0629 \u0627\u0644\u0645\u0636\u0627\u0641\u0629 \u063a\u064a\u0631 \u0645\u0637\u0628\u0642\u0629\u060c \u0627\u0644\u0645\u0627\u062f\u0629 293 \u0628 \u0645\u0646 \u0627\u0644\u0642\u0627\u0646\u0648\u0646 \u0627\u0644\u0639\u0627\u0645 \u0644\u0644\u0636\u0631\u0627\u0626\u0628 \u0627\u0644\u0641\u0631\u0646\u0633\u064a.<\/li>\n\n\n\n<li><strong>\u0639\u0646\u0648\u0627\u0646 \u0627\u0644\u0645\u0642\u0631 \u0627\u0644\u0627\u062c\u062a\u0645\u0627\u0639\u064a:<\/strong> 8 A RUE Aristide BOUCICAUT, 51430 Tinqueux, FRANCE<\/li>\n\n\n\n<li><strong>\u0627\u0644\u0628\u0631\u064a\u062f \u0627\u0644\u0625\u0644\u0643\u062a\u0631\u0648\u0646\u064a \u0644\u0644\u062a\u0648\u0627\u0635\u0644:<\/strong> contact@asmaclarity.com<\/li>\n\n\n\n<li><strong>\u0631\u0642\u0645 \u0627\u0644\u0647\u0627\u062a\u0641:<\/strong> [\u0623\u062f\u062e\u0644 \u0631\u0642\u0645 \u0647\u0627\u062a\u0641\u0643 \u0647\u0646\u0627]<\/li>\n<\/ul>\n\n\n\n<h2 class=\"wp-block-heading\">2. \u0645\u062f\u064a\u0631 \u0627\u0644\u0646\u0634\u0631<\/h2>\n\n\n\n<ul class=\"wp-block-list\">\n<li><strong>\u0645\u062f\u064a\u0631 \u0627\u0644\u0646\u0634\u0631:<\/strong> Asma BENKABLIA<\/li>\n\n\n\n<li><strong>\u0644\u0644\u062a\u0648\u0627\u0635\u0644:<\/strong> contact@asmaclarity.com<\/li>\n<\/ul>\n\n\n\n<h2 class=\"wp-block-heading\">3. \u0627\u0633\u062a\u0636\u0627\u0641\u0629 \u0627\u0644\u0645\u0648\u0642\u0639<\/h2>\n\n\n\n<p>\u064a\u062a\u0645 \u0627\u0633\u062a\u0636\u0627\u0641\u0629 \u0645\u0648\u0642\u0639 <strong>asmaclarity.com<\/strong> \u0645\u0646 \u0642\u0628\u0644:<\/p>\n\n\n\n<ul class=\"wp-block-list\">\n<li><strong>\u0627\u0633\u0645 \u0627\u0644\u0645\u0633\u062a\u0636\u064a\u0641:<\/strong> HOSTINGER<\/li>\n\n\n\n<li><strong>\u0627\u0644\u0627\u0633\u0645 \u0627\u0644\u0627\u062c\u062a\u0645\u0627\u0639\u064a \u0644\u0644\u0645\u0633\u062a\u0636\u064a\u0641:<\/strong> HOSTINGER INTERNATIONAL LTD<\/li>\n\n\n\n<li><strong>\u0639\u0646\u0648\u0627\u0646 \u0627\u0644\u0645\u0633\u062a\u0636\u064a\u0641:<\/strong> 61 Lordou Vironos Street, 6023 Larnaca, Chypre<\/li>\n\n\n\n<li><strong>\u0627\u0644\u0627\u062a\u0635\u0627\u0644 \u0628\u0627\u0644\u0645\u0633\u062a\u0636\u064a\u0641:<\/strong> <a href=\"https:\/\/www.hostinger.fr\/contact\" target=\"_blank\" rel=\"noreferrer noopener\">https:\/\/www.hostinger.fr\/contact<\/a><\/li>\n<\/ul>\n\n\n\n<h2 class=\"wp-block-heading\">4. \u0627\u0644\u0645\u0644\u0643\u064a\u0629 \u0627\u0644\u0641\u0643\u0631\u064a\u0629<\/h2>\n\n\n\n<p>\u062a\u0645\u062a\u0644\u0643 \u0627\u0644\u0634\u0631\u0643\u0629 \u062d\u0642\u0648\u0642 \u0627\u0644\u0645\u0644\u0643\u064a\u0629 \u0627\u0644\u0641\u0643\u0631\u064a\u0629 \u0623\u0648 \u062a\u0645\u062a\u0644\u0643 \u062d\u0642\u0648\u0642 \u0627\u0644\u0627\u0633\u062a\u062e\u062f\u0627\u0645 \u0644\u062c\u0645\u064a\u0639 \u0627\u0644\u0639\u0646\u0627\u0635\u0631 \u0627\u0644\u062a\u064a \u064a\u0645\u0643\u0646 \u0627\u0644\u0648\u0635\u0648\u0644 \u0625\u0644\u064a\u0647\u0627 \u0639\u0644\u0649 \u0627\u0644\u0645\u0648\u0642\u0639\u060c \u0628\u0645\u0627 \u0641\u064a \u0630\u0644\u0643 \u0627\u0644\u0646\u0635\u0648\u0635 \u0648\u0627\u0644\u0635\u0648\u0631 \u0648\u0627\u0644\u0631\u0633\u0648\u0645\u0627\u062a \u0648\u0627\u0644\u0634\u0639\u0627\u0631 \u0648\u0627\u0644\u0623\u064a\u0642\u0648\u0646\u0627\u062a. \u064a\u064f\u062d\u0638\u0631 \u0623\u064a \u0625\u0639\u0627\u062f\u0629 \u0625\u0646\u062a\u0627\u062c \u0623\u0648 \u062a\u0645\u062b\u064a\u0644 \u0623\u0648 \u062a\u0639\u062f\u064a\u0644 \u0623\u0648 \u0646\u0634\u0631 \u0623\u0648 \u062a\u0643\u064a\u064a\u0641 \u0644\u0643\u0644 \u0623\u0648 \u062c\u0632\u0621 \u0645\u0646 \u0639\u0646\u0627\u0635\u0631 \u0627\u0644\u0645\u0648\u0642\u0639\u060c \u0623\u064a\u0627\u064b \u0643\u0627\u0646\u062a \u0627\u0644\u0648\u0633\u064a\u0644\u0629 \u0623\u0648 \u0627\u0644\u0639\u0645\u0644\u064a\u0629 \u0627\u0644\u0645\u0633\u062a\u062e\u062f\u0645\u0629\u060c \u062f\u0648\u0646 \u0627\u0644\u062d\u0635\u0648\u0644 \u0639\u0644\u0649 \u0625\u0630\u0646 \u0643\u062a\u0627\u0628\u064a \u0645\u0633\u0628\u0642.<\/p>\n\n\n\n<h2 class=\"wp-block-heading\">5. \u062a\u062d\u062f\u064a\u062f \u0627\u0644\u0645\u0633\u0624\u0648\u0644\u064a\u0629<\/h2>\n\n\n\n<p>\u0644\u0627 \u064a\u0645\u0643\u0646 \u062a\u062d\u0645\u064a\u0644 \u0645\u062d\u0631\u0631 \u0627\u0644\u0645\u0648\u0642\u0639 \u0627\u0644\u0645\u0633\u0624\u0648\u0644\u064a\u0629 \u0639\u0646 \u0627\u0644\u0623\u0636\u0631\u0627\u0631 \u0627\u0644\u0645\u0628\u0627\u0634\u0631\u0629 \u0648\u063a\u064a\u0631 \u0627\u0644\u0645\u0628\u0627\u0634\u0631\u0629 \u0627\u0644\u062a\u064a \u062a\u0644\u062d\u0642 \u0628\u0645\u0639\u062f\u0627\u062a \u0627\u0644\u0645\u0633\u062a\u062e\u062f\u0645 \u0639\u0646\u062f \u0627\u0644\u0648\u0635\u0648\u0644 \u0625\u0644\u0649 \u0627\u0644\u0645\u0648\u0642\u0639. \u0643\u0645\u0627 \u064a\u062e\u0644\u064a \u0627\u0644\u0645\u062d\u0631\u0631 \u0645\u0633\u0624\u0648\u0644\u064a\u062a\u0647 \u0639\u0646 \u0623\u064a \u0627\u0633\u062a\u062e\u062f\u0627\u0645 \u0642\u062f \u064a\u062a\u0645 \u0644\u0644\u0645\u0639\u0644\u0648\u0645\u0627\u062a \u0648\u0627\u0644\u0645\u062d\u062a\u0648\u064a\u0627\u062a \u0627\u0644\u0645\u0648\u062c\u0648\u062f\u0629 \u0639\u0644\u0649 \u0627\u0644\u0645\u0648\u0642\u0639.<\/p>\n","protected":false},"excerpt":{"rendered":"<p>Conform\u00e9ment aux dispositions des articles 6-III et 19 de la Loi n\u00b0 2004-575 du 21 juin 2004 pour la Confiance dans l&rsquo;\u00e9conomie num\u00e9rique, dite L.C.E.N., nous portons \u00e0 la connaissance des utilisateurs et visiteurs du site internet asmaclarity.com les informations suivantes : 1. Informations l\u00e9gales Le site asmaclarity.com est \u00e9dit\u00e9 par : 2. Directeur de [&hellip;]<\/p>\n","protected":false},"author":1,"featured_media":0,"parent":0,"menu_order":0,"comment_status":"closed","ping_status":"closed","template":"","meta":{"footnotes":""},"class_list":["post-2381","page","type-page","status-publish","hentry"],"blocksy_meta":[],"_hostinger_reach_plugin_has_subscription_block":false,"_hostinger_reach_plugin_is_elementor":false,"_links":{"self":[{"href":"https:\/\/asmaclarity.com\/ar\/wp-json\/wp\/v2\/pages\/2381","targetHints":{"allow":["GET"]}}],"collection":[{"href":"https:\/\/asmaclarity.com\/ar\/wp-json\/wp\/v2\/pages"}],"about":[{"href":"https:\/\/asmaclarity.com\/ar\/wp-json\/wp\/v2\/types\/page"}],"author":[{"embeddable":true,"href":"https:\/\/asmaclarity.com\/ar\/wp-json\/wp\/v2\/users\/1"}],"replies":[{"embeddable":true,"href":"https:\/\/asmaclarity.com\/ar\/wp-json\/wp\/v2\/comments?post=2381"}],"version-history":[{"count":2,"href":"https:\/\/asmaclarity.com\/ar\/wp-json\/wp\/v2\/pages\/2381\/revisions"}],"predecessor-version":[{"id":2445,"href":"https:\/\/asmaclarity.com\/ar\/wp-json\/wp\/v2\/pages\/2381\/revisions\/2445"}],"wp:attachment":[{"href":"https:\/\/asmaclarity.com\/ar\/wp-json\/wp\/v2\/media?parent=2381"}],"curies":[{"name":"wp","href":"https:\/\/api.w.org\/{rel}","templated":true}]}}